{"id":1105,"date":"2023-08-03T11:17:23","date_gmt":"2023-08-03T09:17:23","guid":{"rendered":"https:\/\/www.next-care.eu\/politique-de-confidentialite\/"},"modified":"2023-10-07T00:01:14","modified_gmt":"2023-10-06T22:01:14","slug":"politique-de-confidentialite","status":"publish","type":"page","link":"https:\/\/www.next-care.eu\/fr\/politique-de-confidentialite\/","title":{"rendered":"Politique de confidentialit\u00e9"},"content":{"rendered":"<p>[et_pb_section fb_built=\u00a0\u00bb1&Prime; _builder_version=\u00a0\u00bb4.21.0&Prime; _module_preset=\u00a0\u00bbdefault\u00a0\u00bb global_colors_info=\u00a0\u00bb{}\u00a0\u00bb][et_pb_row _builder_version=\u00a0\u00bb4.21.0&Prime; _module_preset=\u00a0\u00bbdefault\u00a0\u00bb global_colors_info=\u00a0\u00bb{}\u00a0\u00bb][et_pb_column type=\u00a0\u00bb4_4&Prime; _builder_version=\u00a0\u00bb4.21.0&Prime; _module_preset=\u00a0\u00bbdefault\u00a0\u00bb global_colors_info=\u00a0\u00bb{}\u00a0\u00bb][et_pb_post_title meta=\u00a0\u00bboff\u00a0\u00bb featured_image=\u00a0\u00bboff\u00a0\u00bb _builder_version=\u00a0\u00bb4.22.2&Prime; _module_preset=\u00a0\u00bbdefault\u00a0\u00bb hover_enabled=\u00a0\u00bb0&Prime; global_colors_info=\u00a0\u00bb{}\u00a0\u00bb title_font=\u00a0\u00bb|600|||||||\u00a0\u00bb title_text_color=\u00a0\u00bb#004C42&Prime; sticky_enabled=\u00a0\u00bb0&Prime;][\/et_pb_post_title][et_pb_text _builder_version=\u00a0\u00bb4.22.2&Prime; _module_preset=\u00a0\u00bbdefault\u00a0\u00bb global_colors_info=\u00a0\u00bb{}\u00a0\u00bb]<\/p>\n<h2>Identification<\/h2>\n<p><strong>Titre :<\/strong><span> Prochains soins<\/span><\/p>\n<p><strong>URL :<\/strong><span> next-care.eu<\/span><\/p>\n<p><span><\/span><\/p>\n<h3>1. la d\u00e9claration de confidentialit\u00e9<\/h3>\n<p><strong>next-care.eu <\/strong>reconna\u00eet l&rsquo;importance de la mani\u00e8re dont nous utilisons et partageons vos informations personnelles. La pr\u00e9sente politique de confidentialit\u00e9 a pour but de vous aider \u00e0 comprendre les donn\u00e9es que nous collectons, les raisons pour lesquelles nous les traitons et les efforts que nous d\u00e9ployons pour les prot\u00e9ger. Nous appr\u00e9cions la confiance que vous nous accordez pour les traiter avec des garanties appropri\u00e9es et conform\u00e9ment aux principes de transparence, de minimisation, de limitation de la finalit\u00e9, d&rsquo;exactitude, d&rsquo;exhaustivit\u00e9 et de confidentialit\u00e9, ainsi qu&rsquo;en respectant les autres obligations et garanties \u00e9nonc\u00e9es dans le r\u00e8glement (UE) 2016\/679 du Parlement europ\u00e9en et du Conseil du 27 avril 2016 relatif \u00e0 la protection des personnes physiques \u00e0 l&rsquo;\u00e9gard du traitement des donn\u00e9es \u00e0 caract\u00e8re personnel et \u00e0 la libre circulation de ces donn\u00e9es et dans la loi organique 3\/2018 du 5 d\u00e9cembre relative \u00e0 la protection des donn\u00e9es et \u00e0 la garantie des droits num\u00e9riques.<\/p>\n<p>Les donn\u00e9es personnelles fournies par le client ou l&rsquo;utilisateur seront trait\u00e9es comme d\u00e9crit en d\u00e9tail ci-dessous.<\/p>\n<p>&nbsp;<\/p>\n<h3>2. d&rsquo;o\u00f9 viennent-ils et quelles donn\u00e9es traitons-nous ?<\/h3>\n<ul>\n<li><strong>Les donn\u00e9es que vous nous avez fournies directement.<\/strong><\/li>\n<\/ul>\n<p><span><strong>next-care.eu<\/strong> <\/span>recueillera les donn\u00e9es personnelles que vous fournissez directement par le biais des formulaires pr\u00e9vus \u00e0 cet effet (nom, pr\u00e9nom, adresse \u00e9lectronique, mot de passe, adresse, num\u00e9ro de t\u00e9l\u00e9phone, date de naissance, modalit\u00e9s de paiement, etc.) Dans les formulaires, certains champs sont marqu\u00e9s comme obligatoires, car sans ces informations, il n&rsquo;est pas possible de traiter la commande ou de fournir le service demand\u00e9.<\/p>\n<ul>\n<li><strong>Donn\u00e9es collect\u00e9es automatiquement par le biais de cookies<\/strong><\/li>\n<\/ul>\n<p>Informations d\u00e9riv\u00e9es des produits et services contract\u00e9s, telles que les donn\u00e9es de navigation et l&rsquo;utilisation des canaux num\u00e9riques, les donn\u00e9es relatives \u00e0 votre contact avec<span> <strong>next-care.eu<\/strong><\/span>. Nous collectons \u00e9galement des donn\u00e9es automatiquement lorsque vous visitez ou naviguez sur notre site web et pouvons collecter des informations par le biais de cookies (petits fichiers texte stock\u00e9s dans votre navigateur) ou de dispositifs de stockage et d&rsquo;extraction de donn\u00e9es de navigation. Pour plus de d\u00e9tails sur l&rsquo;utilisation de ces cookies et sur la mani\u00e8re dont vous pouvez les param\u00e9trer, veuillez consulter notre Politique en mati\u00e8re de cookies.<\/p>\n<p>&nbsp;<\/p>\n<p>&nbsp;<\/p>\n<h3>3. dans quel but et quelle est la l\u00e9gitimit\u00e9 du traitement des donn\u00e9es \u00e0 caract\u00e8re personnel de l&rsquo;utilisateur ?<\/h3>\n<p>Les donn\u00e9es personnelles fournies par le client ou l&rsquo;utilisateur seront trait\u00e9es par<span> <strong>next-care.eu<\/strong><\/span> pour g\u00e9rer correctement les produits et services que vous nous demandez et que vous avez contract\u00e9s aupr\u00e8s de nous et pour d&rsquo;autres raisons suppl\u00e9mentaires dans les termes indiqu\u00e9s dans la pr\u00e9sente politique de confidentialit\u00e9, conform\u00e9ment aux bases l\u00e9gitimes suivantes :<\/p>\n<ul>\n<li><strong>Finalit\u00e9s fond\u00e9es sur l&rsquo;ex\u00e9cution du contrat.<\/strong>  Vos donn\u00e9es seront trait\u00e9es afin de fournir le service demand\u00e9, ce qui, entre autres activit\u00e9s, peut impliquer : (i) votre enregistrement en tant que client ; (ii) pr\u00e9paration de la commande et gestion de la livraison par l&rsquo;un des canaux disponibles ; (iii) traiter et r\u00e9pondre \u00e0 vos questions, requ\u00eates ou plaintes.<br \/>Si vous n&rsquo;acceptez pas cette finalit\u00e9, nous ne serons pas en mesure de conclure le(s) contrat(s) pour vous fournir les services qui vous int\u00e9ressent.<\/li>\n<li><strong>Finalit\u00e9s fond\u00e9es sur l&rsquo;int\u00e9r\u00eat l\u00e9gitime.<\/strong><span> <\/span>Ceux qui sont poursuivis par<span> <strong>next-care.eu<\/strong><\/span> pour la r\u00e9alisation d&rsquo;int\u00e9r\u00eats l\u00e9gitimes, \u00e0 condition qu&rsquo;ils correspondent aux attentes raisonnables du client et que ces int\u00e9r\u00eats ne pr\u00e9valent pas sur les int\u00e9r\u00eats, les droits fondamentaux et les libert\u00e9s de la personne concern\u00e9e. Vous pouvez \u00e0 tout moment exercer votre droit d&rsquo;opposition au traitement d\u00e9crit ci-dessous :\n<ul>\n<li>R\u00e9alisation d&rsquo;enqu\u00eates de satisfaction et d&rsquo;\u00e9tudes de march\u00e9 visant \u00e0 conna\u00eetre les pr\u00e9f\u00e9rences et les int\u00e9r\u00eats commerciaux des clients.<\/li>\n<li>Afin de cr\u00e9er un \u00ab\u00a0profil commercial de base\u00a0\u00bb, nous analyserons vos pr\u00e9f\u00e9rences en utilisant les donn\u00e9es d\u00e9riv\u00e9es de l&rsquo;analyse des achats (montants, fr\u00e9quence, vos int\u00e9r\u00eats et pr\u00e9f\u00e9rences) afin de vous envoyer des communications commerciales personnalis\u00e9es de notre part et de la part de tiers, par n&rsquo;importe quel moyen. En relation avec ce qui pr\u00e9c\u00e8de,<span> <strong>next-care.eu<\/strong><\/span><span> <\/span>peut effectuer des analyses sur les donn\u00e9es clients disponibles pendant la dur\u00e9e du contrat, afin d&rsquo;inclure dans ce profil des estimations sur le canal d&rsquo;achat pr\u00e9f\u00e9r\u00e9, l&rsquo;utilisation ou non des m\u00e9dias num\u00e9riques par le client, l&rsquo;\u00e2ge et le sexe, ainsi que toute autre donn\u00e9e de nature similaire.<\/li>\n<\/ul>\n<\/li>\n<li><strong>Finalit\u00e9s n\u00e9cessitant un consentement.<\/strong><span> <strong>next-care.eu<\/strong><\/span> vous demandera votre consentement explicite et sans \u00e9quivoque pour le traitement de vos donn\u00e9es aux fins suivantes :\n<ul>\n<li>Utiliser vos donn\u00e9es de navigation, de trafic et de localisation afin d&rsquo;analyser vos pr\u00e9f\u00e9rences et de compl\u00e9ter votre \u00ab\u00a0profil commercial\u00a0\u00bb \u00e0 l&rsquo;aide de ces donn\u00e9es et d&rsquo;am\u00e9liorer ainsi la personnalisation des communications commerciales que nous vous envoyons. En ce sens, nous vous informons que les donn\u00e9es de navigation sont les donn\u00e9es techniques associ\u00e9es aux visites effectu\u00e9es sur le web, y compris l&rsquo;adresse IP, la date et l&rsquo;heure de la connexion, la requ\u00eate DNS, etc. ; les donn\u00e9es de trafic sont les num\u00e9ros d&rsquo;origine et de destination, l&rsquo;adresse IP publique et\/ou priv\u00e9e de chaque connexion, l&rsquo;adresse MAC, etc. et les donn\u00e9es de g\u00e9olocalisation sont les donn\u00e9es associ\u00e9es \u00e0 la position g\u00e9ographique du service mobile. Les donn\u00e9es que nous traiterons seront celles correspondant \u00e0 l&rsquo;ann\u00e9e \u00e9coul\u00e9e.<\/li>\n<li>Permettre l&rsquo;envoi de communications commerciales par<span> <strong>next-care.eu<\/strong><\/span><span> <\/span>qui correspondent \u00e0 mon \u00ab\u00a0profil professionnel\u00a0\u00bb. Vous pouvez vous d\u00e9sabonner de nos lettres d&rsquo;information \u00e0 tout moment, par exemple en cliquant sur un lien \u00e0 la fin de chaque lettre d&rsquo;information.<\/li>\n<li>Pour l&rsquo;envoi de bulletins d&rsquo;information. Nous utilisons votre adresse \u00e9lectronique pour vous envoyer notre lettre d&rsquo;information personnalis\u00e9e sur des offres de produits similaires. Si vous n&rsquo;\u00eates pas notre client, mais que vous souhaitez recevoir la lettre d&rsquo;information, nous avons seulement besoin de votre adresse \u00e9lectronique pour envoyer la lettre d&rsquo;information.<\/li>\n<\/ul>\n<\/li>\n<li><strong>les finalit\u00e9s li\u00e9es au respect d&rsquo;une obligation l\u00e9gale ou \u00e0 l&rsquo;int\u00e9r\u00eat public :<\/strong><\/li>\n<ul>\n<li>toute autre obligation l\u00e9gale applicable, telle que celles d\u00e9coulant d&rsquo;obligations fiscales, judiciaires, de services d&rsquo;urgence, etc.<\/li>\n<\/ul>\n<\/ul>\n<div><span><br \/><\/span><span><br \/><\/span><\/div>\n<h3>4) Pendant combien de temps<span> next-care.eu<\/span><span> <\/span>traitera-t-elle les donn\u00e9es des utilisateurs ?<\/h3>\n<p><span><strong>next-care.eu<\/strong> <\/span>traitera les donn\u00e9es personnelles de l&rsquo;utilisateur dans le respect du principe de limitation de la dur\u00e9e de conservation, pendant le temps n\u00e9cessaire \u00e0 la r\u00e9alisation des finalit\u00e9s pour lesquelles les donn\u00e9es ont \u00e9t\u00e9 collect\u00e9es et seront conserv\u00e9es pendant le temps n\u00e9cessaire \u00e0 la fourniture des services demand\u00e9s et dans le respect des d\u00e9lais de prescription pr\u00e9vus par la l\u00e9gislation en vigueur pour l&rsquo;exercice ou la d\u00e9fense d&rsquo;\u00e9ventuelles r\u00e9clamations administratives ou judiciaires. Dans ces cas, les informations seront d\u00fbment bloqu\u00e9es avec un acc\u00e8s limit\u00e9 \u00e0 certains profils, avec les mesures techniques et organisationnelles n\u00e9cessaires pour garantir la s\u00e9curit\u00e9 des informations, en emp\u00eachant leur alt\u00e9ration, perte, traitement ou acc\u00e8s non autoris\u00e9, compte tenu de l&rsquo;\u00e9tat de la technologie, de la nature des donn\u00e9es stock\u00e9es et des risques auxquels elles sont expos\u00e9es. Une fois ces p\u00e9riodes \u00e9coul\u00e9es, les donn\u00e9es seront supprim\u00e9es ou anonymis\u00e9es, selon le cas, et conform\u00e9ment \u00e0 la r\u00e9glementation en vigueur.<\/p>\n<p>En ce qui concerne la p\u00e9riode de conservation des donn\u00e9es trait\u00e9es \u00e0 des fins de profilage, elle r\u00e9pondra \u00e0 la situation actuelle du client et, en tout \u00e9tat de cause, n&rsquo;exc\u00e9dera pas 12 mois.<\/p>\n<p>Lorsque nous collectons des donn\u00e9es automatiquement par le biais de cookies, vous pouvez limiter leur utilisation au fil du temps en les supprimant des navigateurs ou des appareils. Des instructions d\u00e9taill\u00e9es peuvent \u00eatre trouv\u00e9es dans notre politique en mati\u00e8re de cookies.<\/p>\n<p>&nbsp;<\/p>\n<h3>5. \u00e0 quels destinataires les donn\u00e9es de l&rsquo;utilisateur seront-elles communiqu\u00e9es ?<\/h3>\n<p>Les donn\u00e9es de l&rsquo;utilisateur peuvent \u00eatre communiqu\u00e9es \u00e0 :<\/p>\n<ul>\n<li>Les administrations publiques dans les cas pr\u00e9vus par la loi.<\/li>\n<li>Banques et institutions financi\u00e8res pour la collecte des services offerts.<\/li>\n<li>Les prestataires de services logistiques et de transport qui exercent des fonctions n\u00e9cessaires \u00e0 la bonne ex\u00e9cution du contrat ou \u00e0 la fourniture du service, au nom et\/ou pour le compte de<span> <strong>next-care.eu<\/strong><\/span>.<\/li>\n<li>Google Inc.<span> <strong>next-care.eu<\/strong><\/span><span> <\/span>vous donnera la possibilit\u00e9 d&rsquo;\u00e9valuer la proc\u00e9dure d&rsquo;achat sur le site<strong><br \/>\n  <span> next-care.eu<\/span><br \/>\n<\/strong><span> <\/span>par le biais d&rsquo;une enqu\u00eate de satisfaction aupr\u00e8s des clients de Google. Dans ce cas, une enqu\u00eate vous sera envoy\u00e9e par Google apr\u00e8s la livraison de la commande. \u00c0 cette fin, nous transmettons les informations suivantes concernant votre commande : (i) le num\u00e9ro de la commande (ii) votre adresse \u00e9lectronique (iii) la date et le pays de livraison de la commande et (iv) Num\u00e9ro d&rsquo;article du commerce mondial.<\/li>\n<\/ul>\n<div><span> <\/span><\/div>\n<h3><span><br \/><\/span>6. Communications commerciales et promotionnelles par voie \u00e9lectronique<\/h3>\n<p>L&rsquo;un des objectifs de<span> <strong>next-care.eu<\/strong><\/span><span> <\/span>traite les donn\u00e9es personnelles fournies par les utilisateurs et les clients afin de leur envoyer des communications commerciales par voie \u00e9lectronique avec des informations sur les produits, les services, les promotions et les offres, le cas \u00e9ch\u00e9ant, sur la base de l&rsquo;int\u00e9r\u00eat l\u00e9gitime de<span> <strong>next-care.eu<\/strong><\/span><span> <\/span>ou le consentement de l&rsquo;utilisateur.<\/p>\n<p>Si l&rsquo;utilisateur souhaite cesser de recevoir de telles communications de la part de<span> <strong>next-care.eu<\/strong><\/span>ou r\u00e9voquer le consentement donn\u00e9, il peut le faire en envoyant un courrier \u00e9lectronique \u00e0<strong><span> <\/span><span>project@next-care.eu<\/span><\/strong><\/p>\n<p>&nbsp;<\/p>\n<h3>7. Exercice des droits<\/h3>\n<p>Le client peut \u00e0 tout moment <strong>r\u00e9voquer le consentement<\/strong> donn\u00e9 et exercer gratuitement les droits suivants :<\/p>\n<ul>\n<li>Droit d&rsquo;<strong>acc\u00e8s<\/strong>: vous avez le droit d&rsquo;obtenir la confirmation que des donn\u00e9es \u00e0 caract\u00e8re personnel vous concernant sont ou ne sont pas trait\u00e9es et d&rsquo;acc\u00e9der \u00e0 ces donn\u00e9es.<\/li>\n<li>Droit de <strong>rectification<\/strong>: vous avez le droit d&rsquo;obtenir la rectification des donn\u00e9es inexactes ou incompl\u00e8tes vous concernant.<\/li>\n<li>Droit d&rsquo;<strong>effacement<\/strong>: vous avez le droit d&rsquo;obtenir l&rsquo;effacement des donn\u00e9es \u00e0 caract\u00e8re personnel vous concernant lorsqu&rsquo;elles ne sont plus n\u00e9cessaires aux fins pour lesquelles elles ont \u00e9t\u00e9 collect\u00e9es.<\/li>\n<li>Le droit \u00e0 la <strong>portabilit\u00e9<\/strong> de vos donn\u00e9es, ainsi qu&rsquo;\u00e0 la <strong>limitation du<\/strong> traitement, dans les cas pr\u00e9vus par la r\u00e9glementation relative \u00e0 la protection des donn\u00e9es.<\/li>\n<li>Le droit de <strong>s&rsquo;opposer<\/strong> au traitement de vos donn\u00e9es \u00e0 caract\u00e8re personnel afin que le responsable du traitement doive cesser de les traiter. Toutefois, lorsque le traitement est effectu\u00e9 \u00e0 des fins de recherche, \u00e0 des fins statistiques ou \u00e0 des fins d&rsquo;anonymisation des donn\u00e9es, il est n\u00e9cessaire que la personne concern\u00e9e d\u00e9montre des motifs justifi\u00e9s et l\u00e9gitimes relatifs \u00e0 une situation personnelle particuli\u00e8re afin d&rsquo;exclure du traitement les donn\u00e9es la concernant.<\/li>\n<li>Le droit de ne pas \u00eatre soumis \u00e0 des d\u00e9cisions fond\u00e9es uniquement sur des <strong>d\u00e9cisions automatis\u00e9es<\/strong><span> <\/span>adopt\u00e9 par<span> <strong>next-care.eu<\/strong><\/span>y compris le profilage, qui a un effet juridique sur vous ou qui vous affecte de mani\u00e8re significative. Toutefois, il n&rsquo;est pas possible d&rsquo;exercer ce droit si la d\u00e9cision est n\u00e9cessaire \u00e0 la conclusion ou \u00e0 l&rsquo;ex\u00e9cution d&rsquo;un contrat entre vous et<span> <strong>next-care.eu<\/strong><\/span>; elle est autoris\u00e9e par la loi applicable \u00e0<span> <strong>next-care.eu<\/strong><\/span><span> <\/span>\u00e0 condition qu&rsquo;elle pr\u00e9voie des mesures appropri\u00e9es pour sauvegarder vos droits, vos libert\u00e9s et vos int\u00e9r\u00eats l\u00e9gitimes ; ou qu&rsquo;elle soit fond\u00e9e sur votre consentement explicite.<\/li>\n<li>D\u00e9poser une plainte aupr\u00e8s de l&rsquo;Agence espagnole de protection des donn\u00e9es par le biais du si\u00e8ge \u00e9lectronique de son site web<a href=\"http:\/\/www.agpd.es\/\">(www.agpd.es)<\/a>, ou en \u00e9crivant \u00e0 son adresse postale (C\/ Jorge Juan, 6, 28001-Madrid).<\/li>\n<\/ul>\n<p>Les personnes concern\u00e9es peuvent exercer leurs droits en envoyant une lettre \u00e0<span> <strong>next-care.eu<\/strong><\/span>avec la r\u00e9f\u00e9rence Ref. \u00ab\u00a0Protection des donn\u00e9es\u00a0\u00bb, ou en envoyant un courrier \u00e9lectronique \u00e0 l&rsquo;adresse suivante<strong><br \/>\n  <span> <\/span><br \/>\n  <span>project@next-care.eu<\/span><br \/>\n<\/strong> en joignant une copie de votre pi\u00e8ce d&rsquo;identit\u00e9.<\/p>\n<p>&nbsp;<\/p>\n<h3>8. Mesures de s\u00e9curit\u00e9<\/h3>\n<p>La s\u00e9curit\u00e9 de l&rsquo;information est l&rsquo;un de nos engagements fermes et conform\u00e9ment \u00e0 la l\u00e9gislation en vigueur.<span> <strong>next-care.eu<\/strong><\/span><span> <\/span>traitera les donn\u00e9es de l&rsquo;utilisateur \u00e0 tout moment avec la plus stricte confidentialit\u00e9 et maintiendra l&rsquo;obligation de secret \u00e0 leur \u00e9gard, adoptant \u00e0 cette fin les mesures de s\u00e9curit\u00e9 techniques et organisationnelles n\u00e9cessaires pour garantir la s\u00e9curit\u00e9 de vos donn\u00e9es et emp\u00eacher leur alt\u00e9ration, perte, traitement ou acc\u00e8s non autoris\u00e9, en tenant compte de l&rsquo;\u00e9tat de la technologie, de la nature des donn\u00e9es stock\u00e9es et des risques auxquels elles sont expos\u00e9es.<\/p>\n<p>[\/et_pb_text][\/et_pb_column][\/et_pb_row][\/et_pb_section]<\/p>\n","protected":false},"excerpt":{"rendered":"<p>Identification Titre : Prochains soins URL : next-care.eu 1. la d\u00e9claration de confidentialit\u00e9 next-care.eu reconna\u00eet l&rsquo;importance de la mani\u00e8re dont nous utilisons et partageons vos informations personnelles. La pr\u00e9sente politique de confidentialit\u00e9 a pour but de vous aider \u00e0 comprendre les donn\u00e9es que nous collectons, les raisons pour lesquelles nous les traitons et les efforts [&hellip;]<\/p>\n","protected":false},"author":1,"featured_media":0,"parent":0,"menu_order":0,"comment_status":"closed","ping_status":"closed","template":"","meta":{"_et_pb_use_builder":"on","_et_pb_old_content":"","_et_gb_content_width":"","sfsi_plus_gutenberg_text_before_share":"","sfsi_plus_gutenberg_show_text_before_share":"","sfsi_plus_gutenberg_icon_type":"","sfsi_plus_gutenberg_icon_alignemt":"","sfsi_plus_gutenburg_max_per_row":"","footnotes":""},"class_list":["post-1105","page","type-page","status-publish","hentry"],"yoast_head":"<!-- This site is optimized with the Yoast SEO plugin v27.4 - https:\/\/yoast.com\/product\/yoast-seo-wordpress\/ -->\n<title>Politique de confidentialit\u00e9 - Next Care | Ekosistema<\/title>\n<meta name=\"robots\" content=\"noindex, nofollow\" \/>\n<meta property=\"og:locale\" content=\"fr_FR\" \/>\n<meta property=\"og:type\" content=\"article\" \/>\n<meta property=\"og:title\" content=\"Politique de confidentialit\u00e9 - Next Care | Ekosistema\" \/>\n<meta property=\"og:description\" content=\"Identification Titre : Prochains soins URL : next-care.eu 1. la d\u00e9claration de confidentialit\u00e9 next-care.eu reconna\u00eet l&#039;importance de la mani\u00e8re dont nous utilisons et partageons vos informations personnelles. La pr\u00e9sente politique de confidentialit\u00e9 a pour but de vous aider \u00e0 comprendre les donn\u00e9es que nous collectons, les raisons pour lesquelles nous les traitons et les efforts [&hellip;]\" \/>\n<meta property=\"og:url\" content=\"https:\/\/www.next-care.eu\/fr\/politique-de-confidentialite\/\" \/>\n<meta property=\"og:site_name\" content=\"Next Care | Ekosistema\" \/>\n<meta property=\"article:modified_time\" content=\"2023-10-06T22:01:14+00:00\" \/>\n<meta property=\"og:image\" content=\"https:\/\/www.next-care.eu\/wp-content\/uploads\/2023\/08\/cropped-LOGOTIPO-NEXT-CARE_Mesa-de-trabajo-1-02.png\" \/>\n\t<meta property=\"og:image:width\" content=\"512\" \/>\n\t<meta property=\"og:image:height\" content=\"512\" \/>\n\t<meta property=\"og:image:type\" content=\"image\/png\" \/>\n<meta name=\"twitter:card\" content=\"summary_large_image\" \/>\n<meta name=\"twitter:label1\" content=\"Dur\u00e9e de lecture estim\u00e9e\" \/>\n\t<meta name=\"twitter:data1\" content=\"11 minutes\" \/>\n<script type=\"application\/ld+json\" class=\"yoast-schema-graph\">{\"@context\":\"https:\\\/\\\/schema.org\",\"@graph\":[{\"@type\":\"WebPage\",\"@id\":\"https:\\\/\\\/www.next-care.eu\\\/fr\\\/politique-de-confidentialite\\\/\",\"url\":\"https:\\\/\\\/www.next-care.eu\\\/fr\\\/politique-de-confidentialite\\\/\",\"name\":\"Politique de confidentialit\u00e9 - Next Care | Ekosistema\",\"isPartOf\":{\"@id\":\"https:\\\/\\\/www.next-care.eu\\\/fr\\\/#website\"},\"datePublished\":\"2023-08-03T09:17:23+00:00\",\"dateModified\":\"2023-10-06T22:01:14+00:00\",\"inLanguage\":\"fr-FR\",\"potentialAction\":[{\"@type\":\"ReadAction\",\"target\":[\"https:\\\/\\\/www.next-care.eu\\\/fr\\\/politique-de-confidentialite\\\/\"]}]},{\"@type\":\"WebSite\",\"@id\":\"https:\\\/\\\/www.next-care.eu\\\/fr\\\/#website\",\"url\":\"https:\\\/\\\/www.next-care.eu\\\/fr\\\/\",\"name\":\"Next Care | Ekosistema\",\"description\":\"\",\"publisher\":{\"@id\":\"https:\\\/\\\/www.next-care.eu\\\/fr\\\/#organization\"},\"potentialAction\":[{\"@type\":\"SearchAction\",\"target\":{\"@type\":\"EntryPoint\",\"urlTemplate\":\"https:\\\/\\\/www.next-care.eu\\\/fr\\\/?s={search_term_string}\"},\"query-input\":{\"@type\":\"PropertyValueSpecification\",\"valueRequired\":true,\"valueName\":\"search_term_string\"}}],\"inLanguage\":\"fr-FR\"},{\"@type\":\"Organization\",\"@id\":\"https:\\\/\\\/www.next-care.eu\\\/fr\\\/#organization\",\"name\":\"Next Care | Ekosistema\",\"url\":\"https:\\\/\\\/www.next-care.eu\\\/fr\\\/\",\"logo\":{\"@type\":\"ImageObject\",\"inLanguage\":\"fr-FR\",\"@id\":\"https:\\\/\\\/www.next-care.eu\\\/fr\\\/#\\\/schema\\\/logo\\\/image\\\/\",\"url\":\"https:\\\/\\\/www.next-care.eu\\\/wp-content\\\/uploads\\\/2023\\\/08\\\/cropped-LOGOTIPO-NEXT-CARE_Mesa-de-trabajo-1-02.png\",\"contentUrl\":\"https:\\\/\\\/www.next-care.eu\\\/wp-content\\\/uploads\\\/2023\\\/08\\\/cropped-LOGOTIPO-NEXT-CARE_Mesa-de-trabajo-1-02.png\",\"width\":512,\"height\":512,\"caption\":\"Next Care | Ekosistema\"},\"image\":{\"@id\":\"https:\\\/\\\/www.next-care.eu\\\/fr\\\/#\\\/schema\\\/logo\\\/image\\\/\"}}]}<\/script>\n<!-- \/ Yoast SEO plugin. -->","yoast_head_json":{"title":"Politique de confidentialit\u00e9 - Next Care | Ekosistema","robots":{"index":"noindex","follow":"nofollow"},"og_locale":"fr_FR","og_type":"article","og_title":"Politique de confidentialit\u00e9 - Next Care | Ekosistema","og_description":"Identification Titre : Prochains soins URL : next-care.eu 1. la d\u00e9claration de confidentialit\u00e9 next-care.eu reconna\u00eet l'importance de la mani\u00e8re dont nous utilisons et partageons vos informations personnelles. La pr\u00e9sente politique de confidentialit\u00e9 a pour but de vous aider \u00e0 comprendre les donn\u00e9es que nous collectons, les raisons pour lesquelles nous les traitons et les efforts [&hellip;]","og_url":"https:\/\/www.next-care.eu\/fr\/politique-de-confidentialite\/","og_site_name":"Next Care | Ekosistema","article_modified_time":"2023-10-06T22:01:14+00:00","og_image":[{"width":512,"height":512,"url":"https:\/\/www.next-care.eu\/wp-content\/uploads\/2023\/08\/cropped-LOGOTIPO-NEXT-CARE_Mesa-de-trabajo-1-02.png","type":"image\/png"}],"twitter_card":"summary_large_image","twitter_misc":{"Dur\u00e9e de lecture estim\u00e9e":"11 minutes"},"schema":{"@context":"https:\/\/schema.org","@graph":[{"@type":"WebPage","@id":"https:\/\/www.next-care.eu\/fr\/politique-de-confidentialite\/","url":"https:\/\/www.next-care.eu\/fr\/politique-de-confidentialite\/","name":"Politique de confidentialit\u00e9 - Next Care | Ekosistema","isPartOf":{"@id":"https:\/\/www.next-care.eu\/fr\/#website"},"datePublished":"2023-08-03T09:17:23+00:00","dateModified":"2023-10-06T22:01:14+00:00","inLanguage":"fr-FR","potentialAction":[{"@type":"ReadAction","target":["https:\/\/www.next-care.eu\/fr\/politique-de-confidentialite\/"]}]},{"@type":"WebSite","@id":"https:\/\/www.next-care.eu\/fr\/#website","url":"https:\/\/www.next-care.eu\/fr\/","name":"Next Care | Ekosistema","description":"","publisher":{"@id":"https:\/\/www.next-care.eu\/fr\/#organization"},"potentialAction":[{"@type":"SearchAction","target":{"@type":"EntryPoint","urlTemplate":"https:\/\/www.next-care.eu\/fr\/?s={search_term_string}"},"query-input":{"@type":"PropertyValueSpecification","valueRequired":true,"valueName":"search_term_string"}}],"inLanguage":"fr-FR"},{"@type":"Organization","@id":"https:\/\/www.next-care.eu\/fr\/#organization","name":"Next Care | Ekosistema","url":"https:\/\/www.next-care.eu\/fr\/","logo":{"@type":"ImageObject","inLanguage":"fr-FR","@id":"https:\/\/www.next-care.eu\/fr\/#\/schema\/logo\/image\/","url":"https:\/\/www.next-care.eu\/wp-content\/uploads\/2023\/08\/cropped-LOGOTIPO-NEXT-CARE_Mesa-de-trabajo-1-02.png","contentUrl":"https:\/\/www.next-care.eu\/wp-content\/uploads\/2023\/08\/cropped-LOGOTIPO-NEXT-CARE_Mesa-de-trabajo-1-02.png","width":512,"height":512,"caption":"Next Care | Ekosistema"},"image":{"@id":"https:\/\/www.next-care.eu\/fr\/#\/schema\/logo\/image\/"}}]}},"_links":{"self":[{"href":"https:\/\/www.next-care.eu\/fr\/wp-json\/wp\/v2\/pages\/1105","targetHints":{"allow":["GET"]}}],"collection":[{"href":"https:\/\/www.next-care.eu\/fr\/wp-json\/wp\/v2\/pages"}],"about":[{"href":"https:\/\/www.next-care.eu\/fr\/wp-json\/wp\/v2\/types\/page"}],"author":[{"embeddable":true,"href":"https:\/\/www.next-care.eu\/fr\/wp-json\/wp\/v2\/users\/1"}],"replies":[{"embeddable":true,"href":"https:\/\/www.next-care.eu\/fr\/wp-json\/wp\/v2\/comments?post=1105"}],"version-history":[{"count":2,"href":"https:\/\/www.next-care.eu\/fr\/wp-json\/wp\/v2\/pages\/1105\/revisions"}],"predecessor-version":[{"id":1107,"href":"https:\/\/www.next-care.eu\/fr\/wp-json\/wp\/v2\/pages\/1105\/revisions\/1107"}],"wp:attachment":[{"href":"https:\/\/www.next-care.eu\/fr\/wp-json\/wp\/v2\/media?parent=1105"}],"curies":[{"name":"wp","href":"https:\/\/api.w.org\/{rel}","templated":true}]}}